{"id":10246,"date":"2022-01-16T21:41:02","date_gmt":"2022-01-17T00:41:02","guid":{"rendered":"https:\/\/loiaconopropiedades.com.ar\/?page_id=10246"},"modified":"2022-12-09T23:04:38","modified_gmt":"2022-12-10T02:04:38","slug":"10246-2","status":"publish","type":"page","link":"https:\/\/loiaconopropiedades.com.ar\/index.php\/10246-2\/","title":{"rendered":"M\u00e1s informaci\u00f3n sobre Zuvir\u00eda 5840"},"content":{"rendered":"<h2 style=\"text-align: center;\">Le dejamos las respuestas a las preguntas m\u00e1s frecuentes que recibimos. En el caso de tener alguna consulta adicional puede comunicarse con nosotros al 3750-4087, de Lunes a Viernes, de 11:30 a 18hs<\/h2>\n<h2 style=\"text-align: center;\">Al final de la p\u00e1gina encontrar\u00e1 un formulario para dejar sus datos y coordinar visita<\/h2>\n<p style=\"text-align: left;\">\n<\/p><h4>\u00bfCu\u00e1ntas personas pueden habitar el inmueble?<\/h4>\n<h5>El m\u00e1ximo es de dos personas. Se aceptan ni\u00f1os y mascotas.<\/h5>\n<p><\/p>\n<h4>\u00bfCu\u00e1les son los requisitos para ingresar?<\/h4>\n<h5>Un mes de adelanto, un mes de dep\u00f3sito y la garant\u00eda Finaer. Por el momento <strong>no<\/strong> trabajamos con otros seguros de cauci\u00f3n<\/h5>\n<p><\/p>\n<h4>\u00bfQu\u00e9 necesito para reservar el inmueble?<\/h4>\n<h5>Luego de haberlo visitado puede reservarlo en nuestras oficinas (Av. Riestra 5913, CABA) con el valor equivalente a un mes y la siguiente documentaci\u00f3n:<\/h5>\n<h5>\u2022Fotocopia frente y dorso del DNI de todas las personas que vayan a vivir en la propiedad<\/h5>\n<h5>\u2022Constancia de aprobaci\u00f3n del seguro de cauci\u00f3n (El tr\u00e1mite es gratuito, y le servir\u00e1 tanto para \u00e9ste como para cualquier otro inmueble que decida alquilar)<\/h5>\n<p><\/p>\n<h4>\u00bfPor qu\u00e9 tengo que tener aprobado el seguro de cauci\u00f3n para reservar?<\/h4>\n<h5>La reserva es un compromiso por parte suya de alquilar el inmueble, raz\u00f3n por la cual, de ocurrir alguna contingencia por la que no le otorguen el seguro de cauci\u00f3n luego de reservar, la misma se caer\u00e1, con la p\u00e9rdida del dinero entregado.<\/h5>\n<h5>Puede reservar sin haber tramitado el seguro bajo su propia responsabilidad. Siendo este el caso, dispondr\u00e1 de SIETE d\u00edas luego de la firma de la misma para conseguir su aprobaci\u00f3n, caso contrario la reserva se caer\u00e1, con la p\u00e9rdida del dinero entregado.<\/h5>\n<p><\/p>\n<h4>\u00bfD\u00f3nde puedo asesorarme sobre los costos del seguro de cauci\u00f3n y comenzar a tramitarlo?<\/h4>\n<h5>Haciendo click en el siguiente link puede completar sus datos y un asesor de Finaer se contactar\u00e1 con ud. para responder sus inquietudes: <a href=\"https:\/\/finaersa.com.ar\/inicio?source=m\">https:\/\/finaersa.com.ar\/inicio?source=m<\/a><\/h5>\n<h6>Recuerde ingresar el nombre de nuestra inmobiliaria (Loiacono Propiedades) para que podamos realizar el seguimiento de la solicitud.<\/h6>\n<p><\/p>\n<h2 style=\"text-align: center;\">A continuaci\u00f3n puede reservar d\u00eda y horario de visita para conocer el inmueble.<\/h2>\n<h5>Al completar sus datos ud. manifiesta haber le\u00eddo y estar de acuerdo con los p\u00e1rrafos precedentes, y se compromete a asistir en el d\u00eda y horario pactado. Por favor no complete sus datos si no tiene intenci\u00f3n de asistir a la visita.<\/h5>\n<p>Al final recibir\u00e1 un e-mail confirmando la visita. En el caso de no recibirla revise su bandeja de \u00abcorreo no deseado\u00bb<\/p>\n<p><\/p>\n\n<div class=\"wpforms-container wpforms-container-full\" id=\"wpforms-10324\"><form id=\"wpforms-form-10324\" class=\"wpforms-validate wpforms-form wpforms-ajax-form\" data-formid=\"10324\" method=\"post\" enctype=\"multipart\/form-data\" action=\"\/index.php\/wp-json\/wp\/v2\/pages\/10246\" data-token=\"be44c827bbb5cad16b2b3060f2ab13f3\" data-token-time=\"1777572078\"><noscript class=\"wpforms-error-noscript\">Por favor, activa JavaScript en tu navegador para completar este formulario.<\/noscript><div class=\"wpforms-field-container\"><div id=\"wpforms-10324-field_0-container\" class=\"wpforms-field wpforms-field-name\" data-field-id=\"0\"><label class=\"wpforms-field-label\">Nombre y Apellido <span class=\"wpforms-required-label\">*<\/span><\/label><div class=\"wpforms-field-row wpforms-field-medium\"><div class=\"wpforms-field-row-block wpforms-first wpforms-one-half\"><input type=\"text\" id=\"wpforms-10324-field_0\" class=\"wpforms-field-name-first wpforms-field-required\" name=\"wpforms[fields][0][first]\" required><label for=\"wpforms-10324-field_0\" class=\"wpforms-field-sublabel after\">Nombre<\/label><\/div><div class=\"wpforms-field-row-block wpforms-one-half\"><input type=\"text\" id=\"wpforms-10324-field_0-last\" class=\"wpforms-field-name-last wpforms-field-required\" name=\"wpforms[fields][0][last]\" required><label for=\"wpforms-10324-field_0-last\" class=\"wpforms-field-sublabel after\">Apellidos<\/label><\/div><\/div><\/div><div id=\"wpforms-10324-field_3-container\" class=\"wpforms-field wpforms-field-name\" data-field-id=\"3\"><label class=\"wpforms-field-label\" for=\"wpforms-10324-field_3\">Celular <span class=\"wpforms-required-label\">*<\/span><\/label><input type=\"text\" id=\"wpforms-10324-field_3\" class=\"wpforms-field-medium wpforms-field-required\" name=\"wpforms[fields][3]\" required><\/div><div id=\"wpforms-10324-field_1-container\" class=\"wpforms-field wpforms-field-email\" data-field-id=\"1\"><label class=\"wpforms-field-label\" for=\"wpforms-10324-field_1\">Email <span class=\"wpforms-required-label\">*<\/span><\/label><input type=\"email\" id=\"wpforms-10324-field_1\" class=\"wpforms-field-medium wpforms-field-required\" name=\"wpforms[fields][1]\" spellcheck=\"false\" required><\/div><div id=\"wpforms-10324-field_5-container\" class=\"wpforms-field wpforms-field-radio\" data-field-id=\"5\"><label class=\"wpforms-field-label\">Cantidad de personas a habitar el inmueble: <span class=\"wpforms-required-label\">*<\/span><\/label><ul id=\"wpforms-10324-field_5\" class=\"wpforms-field-required\"><li class=\"choice-1 depth-1\"><input type=\"radio\" id=\"wpforms-10324-field_5_1\" name=\"wpforms[fields][5]\" value=\"1\" required ><label class=\"wpforms-field-label-inline\" for=\"wpforms-10324-field_5_1\">1<\/label><\/li><li class=\"choice-2 depth-1\"><input type=\"radio\" id=\"wpforms-10324-field_5_2\" name=\"wpforms[fields][5]\" value=\"2\" required ><label class=\"wpforms-field-label-inline\" for=\"wpforms-10324-field_5_2\">2<\/label><\/li><li class=\"choice-3 depth-1\"><input type=\"radio\" id=\"wpforms-10324-field_5_3\" name=\"wpforms[fields][5]\" value=\"3\" required ><label class=\"wpforms-field-label-inline\" for=\"wpforms-10324-field_5_3\">3<\/label><\/li><li class=\"choice-4 depth-1\"><input type=\"radio\" id=\"wpforms-10324-field_5_4\" name=\"wpforms[fields][5]\" value=\"4\" required ><label class=\"wpforms-field-label-inline\" for=\"wpforms-10324-field_5_4\">4<\/label><\/li><li class=\"choice-6 depth-1\"><input type=\"radio\" id=\"wpforms-10324-field_5_6\" name=\"wpforms[fields][5]\" value=\"5\" required ><label class=\"wpforms-field-label-inline\" for=\"wpforms-10324-field_5_6\">5<\/label><\/li><li class=\"choice-5 depth-1\"><input type=\"radio\" id=\"wpforms-10324-field_5_5\" name=\"wpforms[fields][5]\" value=\"6\" required ><label class=\"wpforms-field-label-inline\" for=\"wpforms-10324-field_5_5\">6<\/label><\/li><\/ul><div class=\"wpforms-field-description\">Recuerde que debe respetarse la capacidad m\u00e1xima del inmueble establecida en cada publicaci\u00f3n<\/div><\/div><div id=\"wpforms-10324-field_9-container\" class=\"wpforms-field wpforms-field-radio\" data-field-id=\"9\"><label class=\"wpforms-field-label\">\u00bfPosee Mascotas? <span class=\"wpforms-required-label\">*<\/span><\/label><ul id=\"wpforms-10324-field_9\" class=\"wpforms-field-required\"><li class=\"choice-1 depth-1\"><input type=\"radio\" id=\"wpforms-10324-field_9_1\" name=\"wpforms[fields][9]\" value=\"S\u00ed\" required ><label class=\"wpforms-field-label-inline\" for=\"wpforms-10324-field_9_1\">S\u00ed<\/label><\/li><li class=\"choice-2 depth-1\"><input type=\"radio\" id=\"wpforms-10324-field_9_2\" name=\"wpforms[fields][9]\" value=\"No\" required ><label class=\"wpforms-field-label-inline\" for=\"wpforms-10324-field_9_2\">No<\/label><\/li><\/ul><\/div><div id=\"wpforms-10324-field_14-container\" class=\"wpforms-field wpforms-field-text\" data-field-id=\"14\"><label class=\"wpforms-field-label\" for=\"wpforms-10324-field_14\">Me interesar\u00eda visitar la propiedad de la calle.. <span class=\"wpforms-required-label\">*<\/span><\/label><input type=\"text\" id=\"wpforms-10324-field_14\" class=\"wpforms-field-medium wpforms-field-required\" name=\"wpforms[fields][14]\" required><div class=\"wpforms-field-description\">Por favor indique s\u00f3lo la\/las propiedades que le interese conocer. \r\nPuede ver descripci\u00f3n, ubicaci\u00f3n en el mapa, im\u00e1genes y\/o video recorrido de cada una en nuestra p\u00e1gina web, secci\u00f3n alquileres.<\/div><\/div><div id=\"wpforms-10324-field_13-container\" class=\"wpforms-field wpforms-field-checkbox\" data-field-id=\"13\"><label class=\"wpforms-field-label\">Como garant\u00eda puedo ofrecer.. <span class=\"wpforms-required-label\">*<\/span><\/label><ul id=\"wpforms-10324-field_13\" class=\"wpforms-field-required\"><li class=\"choice-1 depth-1\"><input type=\"checkbox\" id=\"wpforms-10324-field_13_1\" name=\"wpforms[fields][13][]\" value=\"T\u00edtulo de propiedad inmueble\" required ><label class=\"wpforms-field-label-inline\" for=\"wpforms-10324-field_13_1\">T\u00edtulo de propiedad inmueble<\/label><\/li><li class=\"choice-2 depth-1\"><input type=\"checkbox\" id=\"wpforms-10324-field_13_2\" name=\"wpforms[fields][13][]\" value=\"Aval bancario\" required ><label class=\"wpforms-field-label-inline\" for=\"wpforms-10324-field_13_2\">Aval bancario<\/label><\/li><li class=\"choice-3 depth-1\"><input type=\"checkbox\" id=\"wpforms-10324-field_13_3\" name=\"wpforms[fields][13][]\" value=\"Seguro de cauci\u00f3n\" required ><label class=\"wpforms-field-label-inline\" for=\"wpforms-10324-field_13_3\">Seguro de cauci\u00f3n<\/label><\/li><li class=\"choice-4 depth-1\"><input type=\"checkbox\" id=\"wpforms-10324-field_13_4\" name=\"wpforms[fields][13][]\" value=\"Garant\u00eda de fianza o fiador solidario\" required ><label class=\"wpforms-field-label-inline\" for=\"wpforms-10324-field_13_4\">Garant\u00eda de fianza o fiador solidario<\/label><\/li><li class=\"choice-5 depth-1\"><input type=\"checkbox\" id=\"wpforms-10324-field_13_5\" name=\"wpforms[fields][13][]\" value=\"Garant\u00eda personal del locatario\" required ><label class=\"wpforms-field-label-inline\" for=\"wpforms-10324-field_13_5\">Garant\u00eda personal del locatario<\/label><\/li><\/ul><div class=\"wpforms-field-description\">Marque por lo menos dos de las opciones.<\/div><\/div><div id=\"wpforms-10324-field_11-container\" class=\"wpforms-field wpforms-field-checkbox\" data-field-id=\"11\"><label class=\"wpforms-field-label\">Para terminar por favor tilde la casilla a continuaci\u00f3n <span class=\"wpforms-required-label\">*<\/span><\/label><ul id=\"wpforms-10324-field_11\" class=\"wpforms-field-required\"><li class=\"choice-1 depth-1\"><input type=\"checkbox\" id=\"wpforms-10324-field_11_1\" name=\"wpforms[fields][11][]\" value=\"Estoy de acuerdo con todo lo informado en las publicaciones y\/o preguntas frecuentes. Declaro que todos los datos ingresados son ver\u00eddicos. Acepto ser contactado para conocer el inmueble en cuanto sea posible. Entiendo que las visitas son de grupos reducidos y por orden de llegada de la presente solicitud.\" required ><label class=\"wpforms-field-label-inline\" for=\"wpforms-10324-field_11_1\">Estoy de acuerdo con todo lo informado en las publicaciones y\/o preguntas frecuentes. Declaro que todos los datos ingresados son ver\u00eddicos. Acepto ser contactado para conocer el inmueble en cuanto sea posible. Entiendo que las visitas son de grupos reducidos y por orden de llegada de la presente solicitud.<\/label><\/li><\/ul><div class=\"wpforms-field-description\">Recuerde respetar la cantidad m\u00e1xima de personas establecido para cada publicaci\u00f3n y ofrecer al menos dos garant\u00edas posibles. \r\n<\/div><\/div><\/div><!-- .wpforms-field-container --><div class=\"wpforms-recaptcha-container wpforms-is-recaptcha wpforms-is-recaptcha-type-invisible\" ><div class=\"g-recaptcha\" data-sitekey=\"6Lf8QtgZAAAAABIMHTkZ_D6L-WPPm8u7WofjyaXE\" data-size=\"invisible\"><\/div><\/div><div class=\"wpforms-submit-container\" ><input type=\"hidden\" name=\"wpforms[id]\" value=\"10324\"><input type=\"hidden\" name=\"page_title\" value=\"\"><input type=\"hidden\" name=\"page_url\" value=\"https:\/\/loiaconopropiedades.com.ar\/index.php\/wp-json\/wp\/v2\/pages\/10246\"><input type=\"hidden\" name=\"url_referer\" value=\"\"><button type=\"submit\" name=\"wpforms[submit]\" id=\"wpforms-submit-10324\" class=\"wpforms-submit\" data-alt-text=\"Enviando\" data-submit-text=\"Enviar\" aria-live=\"assertive\" value=\"wpforms-submit\">Enviar<\/button><img decoding=\"async\" data-src=\"https:\/\/loiaconopropiedades.com.ar\/wp-content\/plugins\/wpforms-lite\/assets\/images\/submit-spin.svg\" class=\"wpforms-submit-spinner lazyload\" style=\"--smush-placeholder-width: 26px; --smush-placeholder-aspect-ratio: 26\/26;display: none;\" width=\"26\" height=\"26\" alt=\"Cargando\" src=\"data:image\/svg+xml;base64,PHN2ZyB3aWR0aD0iMSIgaGVpZ2h0PSIxIiB4bWxucz0iaHR0cDovL3d3dy53My5vcmcvMjAwMC9zdmciPjwvc3ZnPg==\"><\/div><\/form><\/div>  <!-- .wpforms-container -->\n\n\n\n<p><\/p>\n","protected":false},"excerpt":{"rendered":"<p>Le dejamos las respuestas a las preguntas m\u00e1s frecuentes que recibimos. En el caso de tener alguna consulta adicional puede comunicarse con nosotros al 3750-4087, de Lunes a Viernes, de 11:30 a 18hs Al final de la p\u00e1gina encontrar\u00e1 un formulario para dejar sus datos y coordinar visita \u00bfCu\u00e1ntas personas pueden habitar el inmueble? El&#8230;<\/p>\n","protected":false},"author":1,"featured_media":0,"parent":0,"menu_order":0,"comment_status":"closed","ping_status":"closed","template":"","meta":{"_monsterinsights_skip_tracking":false,"_monsterinsights_sitenote_active":false,"_monsterinsights_sitenote_note":"","_monsterinsights_sitenote_category":0,"footnotes":""},"class_list":["post-10246","page","type-page","status-publish","hentry"],"aioseo_notices":[],"post_mailing_queue_ids":[],"_links":{"self":[{"href":"https:\/\/loiaconopropiedades.com.ar\/index.php\/wp-json\/wp\/v2\/pages\/10246","targetHints":{"allow":["GET"]}}],"collection":[{"href":"https:\/\/loiaconopropiedades.com.ar\/index.php\/wp-json\/wp\/v2\/pages"}],"about":[{"href":"https:\/\/loiaconopropiedades.com.ar\/index.php\/wp-json\/wp\/v2\/types\/page"}],"author":[{"embeddable":true,"href":"https:\/\/loiaconopropiedades.com.ar\/index.php\/wp-json\/wp\/v2\/users\/1"}],"replies":[{"embeddable":true,"href":"https:\/\/loiaconopropiedades.com.ar\/index.php\/wp-json\/wp\/v2\/comments?post=10246"}],"version-history":[{"count":14,"href":"https:\/\/loiaconopropiedades.com.ar\/index.php\/wp-json\/wp\/v2\/pages\/10246\/revisions"}],"predecessor-version":[{"id":12732,"href":"https:\/\/loiaconopropiedades.com.ar\/index.php\/wp-json\/wp\/v2\/pages\/10246\/revisions\/12732"}],"wp:attachment":[{"href":"https:\/\/loiaconopropiedades.com.ar\/index.php\/wp-json\/wp\/v2\/media?parent=10246"}],"curies":[{"name":"wp","href":"https:\/\/api.w.org\/{rel}","templated":true}]}}