{"id":10279,"date":"2022-01-17T21:38:50","date_gmt":"2022-01-18T00:38:50","guid":{"rendered":"https:\/\/loiaconopropiedades.com.ar\/?page_id=10279"},"modified":"2025-12-13T12:33:15","modified_gmt":"2025-12-13T15:33:15","slug":"mas-informacion-finaer","status":"publish","type":"page","link":"https:\/\/loiaconopropiedades.com.ar\/index.php\/mas-informacion-finaer\/","title":{"rendered":"M\u00e1s informaci\u00f3n: Tengo Seguro de Cauci\u00f3n"},"content":{"rendered":"<h2 style=\"text-align: center;\">Le dejamos las respuestas a las preguntas m\u00e1s frecuentes que recibimos. En el caso de tener alguna consulta adicional puede comunicarse con nosotros al 3750-4087, de Lunes a Viernes, de 11:30 a 18hs<\/h2>\n<h2 style=\"text-align: center;\">Al final de la p\u00e1gina encontrar\u00e1 nuestro n\u00famero de whatsapp, desde donde podr\u00e1 dejar sus datos y coordinar visita<\/h2>\n<h4>\u00bfC\u00f3mo son los contratos?<\/h4>\n<h5>En los contratos de VIVIENDA, conforme la modificaci\u00f3n del DNU, puede pactarse libremente la duraci\u00f3n por las partes (ej. tres a\u00f1os, dos a\u00f1os). El ajuste puede realizarse de forma trimestral, cuatrimestral o semestral, con un porcentaje fijado de antemano o librado a un \u00edndice acordado entre las partes. Aquellos COMERCIALES, poseen duraci\u00f3n de tres a\u00f1os, y tambi\u00e9n el ajuste puede realizarse de forma trimestral, cuatrimestral o semestral, con un porcentaje fijado de antemano o librado a un \u00edndice acordado entre las partes.<\/h5>\n<h5>En general estilamos realizar contratos a tres a\u00f1os, con aumentos trimestrales seg\u00fan IPC. No obstante, encontrar\u00e1n en cada publicaci\u00f3n el tipo de ajuste elegido por los propietarios.<\/h5>\n<h4>\u00bfCu\u00e1ntas personas pueden habitar el inmueble?<\/h4>\n<h5>El m\u00e1ximo es el establecido en cada publicaci\u00f3n de alquiler. All\u00ed tambi\u00e9n encontrar\u00e1 si se aceptan ni\u00f1os y mascotas, acorde a las preferencias de cada propietario.<\/h5>\n<h4>\u00bfCu\u00e1les son los requisitos para ingresar?<\/h4>\n<h5>Un mes de adelanto, un mes de dep\u00f3sito y la garant\u00eda Finaer. Si cuenta con otro seguro de cauci\u00f3n solicitamos nos lo comente de forma que podamos gestionar correctamente la garant\u00eda.<\/h5>\n<p>Recuerde que en el caso de alquileres comerciales (ej. locales, oficinas) deben contabilizar tambi\u00e9n nuestros honorarios, 5% del total del contrato. Este importe se encuentra bonificado en inmuebles destinados a vivienda.<\/p>\n<h4>\u00bfQu\u00e9 necesito para reservar el inmueble?<\/h4>\n<h5>Salvo indicaci\u00f3n contraria por parte de los propietarios, luego de haber visitado la propiedad puede reservarla en nuestras oficinas (Av. Riestra 5913, CABA) con el valor equivalente a un mes y la siguiente documentaci\u00f3n:<\/h5>\n<h5>\u2022Fotocopia frente y dorso del DNI de todas las personas que vayan a vivir en la propiedad y de los co-garantes<\/h5>\n<h5>\u2022Fotocopia de los recibos de sueldo presentados en el seguro de cauci\u00f3n para la aprobaci\u00f3n de la garant\u00eda (incluyendo de los co-garantes, quienes tambi\u00e9n deber\u00e1n acercarse a firmar el contrato de locaci\u00f3n)<\/h5>\n<h5>\u2022Constancia de aprobaci\u00f3n del seguro de cauci\u00f3n (El tr\u00e1mite es gratuito, y le servir\u00e1 tanto para \u00e9ste como para cualquier otro inmueble que decida alquilar)<\/h5>\n<h4>\u00bfPor qu\u00e9 tengo que tener aprobado el seguro de cauci\u00f3n para reservar?<\/h4>\n<h5>La reserva es un compromiso por parte suya de alquilar el inmueble, raz\u00f3n por la cual, de ocurrir alguna contingencia por la que no le otorguen el seguro de cauci\u00f3n luego de reservar, la misma se caer\u00e1, con la p\u00e9rdida del dinero entregado.<\/h5>\n<h5>Puede reservar sin haber tramitado el seguro bajo su propia responsabilidad. Siendo este el caso, dispondr\u00e1 de SIETE d\u00edas luego de la firma de la misma para conseguir su aprobaci\u00f3n, caso contrario la reserva se caer\u00e1, con la p\u00e9rdida del dinero entregado.<\/h5>\n<h4>\u00bfD\u00f3nde puedo asesorarme sobre los costos del seguro de cauci\u00f3n y comenzar a tramitarlo?<\/h4>\n<h5>Haciendo click en el siguiente link puede completar sus datos y un asesor de Finaer se contactar\u00e1 con ud. para responder sus inquietudes: <a href=\"https:\/\/finaersa.com.ar\/inicio?source=m\">https:\/\/finaersa.com.ar\/inicio?source=m<\/a><\/h5>\n<h6>Recuerde ingresar el nombre de nuestra inmobiliaria (Loiacono Propiedades) para que podamos realizar el seguimiento de la solicitud.<\/h6>\n<h2 style=\"text-align: center;\">A continuaci\u00f3n puede reservar d\u00eda y horario de visita para conocer el inmueble.<\/h2>\n<h5>\u00a0<\/h5>\n\n\n<div class=\"wp-block-buttons is-content-justification-center is-layout-flex wp-container-core-buttons-is-layout-16018d1d wp-block-buttons-is-layout-flex\">\n<div class=\"wp-block-button\"><a class=\"wp-block-button__link wp-element-button\" href=\"https:\/\/api.whatsapp.com\/send?phone=+5491136740645&amp;text=%C2%A1Hola!%20Me%20interesar%C3%ADa%20conocer%20un%20alquiler%20publicado%20en%20la%20web.%20Poseo%20Seguro%20de%20cauci%C3%B3n%20Finaer\" target=\"_blank\" rel=\"noreferrer noopener\">Necesito hacer una consulta<\/a><\/div>\n\n\n\n<div class=\"wp-block-button\"><a class=\"wp-block-button__link wp-element-button\" href=\"https:\/\/docs.google.com\/forms\/d\/e\/1FAIpQLSfqbuTsMEikNI-3c8DV_YsAxFWknTiTT-jPAURZcQplSfHsng\/viewform?usp=header\">Quiero realizar una visita<\/a><\/div>\n<\/div>\n\n\n<div class=\"wp-block-image\">\n<figure class=\"aligncenter size-full is-resized\"><img fetchpriority=\"high\" decoding=\"async\" width=\"195\" height=\"259\" src=\"https:\/\/loiaconopropiedades.com.ar\/wp-content\/uploads\/2023\/01\/images-1.png\" alt=\"\" class=\"wp-image-12897\" style=\"width:84px;height:111px\" srcset=\"https:\/\/loiaconopropiedades.com.ar\/wp-content\/uploads\/2023\/01\/images-1.png 195w, https:\/\/loiaconopropiedades.com.ar\/wp-content\/uploads\/2023\/01\/images-1-113x150.png 113w\" sizes=\"(max-width: 195px) 100vw, 195px\" \/><\/figure>\n<\/div>","protected":false},"excerpt":{"rendered":"<p>Le dejamos las respuestas a las preguntas m\u00e1s frecuentes que recibimos. En el caso de tener alguna consulta adicional puede comunicarse con nosotros al 3750-4087, de Lunes a Viernes, de 11:30 a 18hs Al final de la p\u00e1gina encontrar\u00e1 nuestro n\u00famero de whatsapp, desde donde podr\u00e1 dejar sus datos y coordinar visita \u00bfC\u00f3mo son los&#8230;<\/p>\n","protected":false},"author":1,"featured_media":0,"parent":0,"menu_order":0,"comment_status":"closed","ping_status":"closed","template":"","meta":{"_monsterinsights_skip_tracking":false,"_monsterinsights_sitenote_active":false,"_monsterinsights_sitenote_note":"","_monsterinsights_sitenote_category":0,"footnotes":""},"class_list":["post-10279","page","type-page","status-publish","hentry"],"aioseo_notices":[],"post_mailing_queue_ids":[],"_links":{"self":[{"href":"https:\/\/loiaconopropiedades.com.ar\/index.php\/wp-json\/wp\/v2\/pages\/10279","targetHints":{"allow":["GET"]}}],"collection":[{"href":"https:\/\/loiaconopropiedades.com.ar\/index.php\/wp-json\/wp\/v2\/pages"}],"about":[{"href":"https:\/\/loiaconopropiedades.com.ar\/index.php\/wp-json\/wp\/v2\/types\/page"}],"author":[{"embeddable":true,"href":"https:\/\/loiaconopropiedades.com.ar\/index.php\/wp-json\/wp\/v2\/users\/1"}],"replies":[{"embeddable":true,"href":"https:\/\/loiaconopropiedades.com.ar\/index.php\/wp-json\/wp\/v2\/comments?post=10279"}],"version-history":[{"count":22,"href":"https:\/\/loiaconopropiedades.com.ar\/index.php\/wp-json\/wp\/v2\/pages\/10279\/revisions"}],"predecessor-version":[{"id":18829,"href":"https:\/\/loiaconopropiedades.com.ar\/index.php\/wp-json\/wp\/v2\/pages\/10279\/revisions\/18829"}],"wp:attachment":[{"href":"https:\/\/loiaconopropiedades.com.ar\/index.php\/wp-json\/wp\/v2\/media?parent=10279"}],"curies":[{"name":"wp","href":"https:\/\/api.w.org\/{rel}","templated":true}]}}