{"id":12998,"date":"2023-01-18T18:15:58","date_gmt":"2023-01-18T21:15:58","guid":{"rendered":"https:\/\/loiaconopropiedades.com.ar\/?page_id=12998"},"modified":"2023-09-22T11:48:55","modified_gmt":"2023-09-22T14:48:55","slug":"guia-para-alquilar","status":"publish","type":"page","link":"https:\/\/loiaconopropiedades.com.ar\/index.php\/guia-para-alquilar\/","title":{"rendered":"Gu\u00eda para alquilar"},"content":{"rendered":"<h3>A continuaci\u00f3n encontrar\u00e1 m\u00e1s informaci\u00f3n sobre requisitos y otras preguntas frecuentes acerca del procedimiento para alquilar.<\/h3>\n<h3>Para iniciar, le dejamos nuestra <a href=\"https:\/\/loiaconopropiedades.com.ar\/index.php\/buscar-propiedad\/?status=alquiler\">oferta de inmuebles en alquiler<\/a> disponible actualmente, para que pueda elegir el ideal para usted seg\u00fan sus necesidades:<\/h3>\n\n\n<div class=\"wp-block-buttons is-content-justification-center is-layout-flex wp-container-core-buttons-is-layout-16018d1d wp-block-buttons-is-layout-flex\">\n<div class=\"wp-block-button\"><a class=\"wp-block-button__link has-background wp-element-button\" href=\"https:\/\/loiaconopropiedades.com.ar\/index.php\/buscar-propiedad\/?status=alquiler\" style=\"background-color:#d93636\" target=\"_blank\" rel=\"noreferrer noopener\">Click AQUI para conocer las propiedades disponibles para ALQUILAR<\/a><\/div>\n<\/div>\n\n\n<h3>&nbsp;<\/h3>\n<h3>Si ya eligi\u00f3 un inmueble, el siguiente paso es conocer los <strong>requisitos<\/strong>. Para una mejor orientaci\u00f3n, dividiremos en dos grandes grupos, seg\u00fan la garant\u00eda que posean. Si bien existen otros tipos, recuerde que esta es una aproximaci\u00f3n general sobre el tema, con lo cual s\u00f3lo hablaremos de las m\u00e1s conocidas en el barrio, y por las que m\u00e1s nos consultan:<\/h3>\n\n\n<div class=\"wp-block-buttons is-content-justification-center is-layout-flex wp-container-core-buttons-is-layout-16018d1d wp-block-buttons-is-layout-flex\">\n<div class=\"wp-block-button\"><a class=\"wp-block-button__link wp-element-button\" href=\"https:\/\/loiaconopropiedades.com.ar\/index.php\/mas-informacion-finaer\/\" target=\"_blank\" rel=\"noreferrer noopener\">Tengo Seguro de Cauci\u00f3n (Finaer)<\/a><\/div>\n\n\n\n<div class=\"wp-block-button\"><a class=\"wp-block-button__link wp-element-button\" href=\"https:\/\/loiaconopropiedades.com.ar\/index.php\/tengo-garantia-propietaria\/\" target=\"_blank\" rel=\"noreferrer noopener\">Tengo Garant\u00eda Propietaria<\/a><\/div>\n<\/div>\n\n\n<h3>&nbsp;<\/h3>\n<h3>Finalmente s\u00f3lo resta coordinar una visita. Puede hacerlo completando el formulario ubicado al pie de las p\u00e1ginas de Requisitos.<\/h3>\n<h5 style=\"text-align: right;\">Esperamos verlos pronto. Gracias por elegirnos y brindarnos su confianza<\/h5>\n\n\n<div class=\"wp-block-buttons is-layout-flex wp-block-buttons-is-layout-flex\"><\/div>\n","protected":false},"excerpt":{"rendered":"<p>A continuaci\u00f3n encontrar\u00e1 m\u00e1s informaci\u00f3n sobre requisitos y otras preguntas frecuentes acerca del procedimiento para alquilar. Para iniciar, le dejamos nuestra oferta de inmuebles en alquiler disponible actualmente, para que pueda elegir el ideal para usted seg\u00fan sus necesidades: &nbsp; Si ya eligi\u00f3 un inmueble, el siguiente paso es conocer los requisitos. Para una mejor&#8230;<\/p>\n","protected":false},"author":1,"featured_media":0,"parent":0,"menu_order":0,"comment_status":"closed","ping_status":"closed","template":"","meta":{"_monsterinsights_skip_tracking":false,"_monsterinsights_sitenote_active":false,"_monsterinsights_sitenote_note":"","_monsterinsights_sitenote_category":0,"footnotes":""},"class_list":["post-12998","page","type-page","status-publish","hentry"],"aioseo_notices":[],"post_mailing_queue_ids":[],"_links":{"self":[{"href":"https:\/\/loiaconopropiedades.com.ar\/index.php\/wp-json\/wp\/v2\/pages\/12998","targetHints":{"allow":["GET"]}}],"collection":[{"href":"https:\/\/loiaconopropiedades.com.ar\/index.php\/wp-json\/wp\/v2\/pages"}],"about":[{"href":"https:\/\/loiaconopropiedades.com.ar\/index.php\/wp-json\/wp\/v2\/types\/page"}],"author":[{"embeddable":true,"href":"https:\/\/loiaconopropiedades.com.ar\/index.php\/wp-json\/wp\/v2\/users\/1"}],"replies":[{"embeddable":true,"href":"https:\/\/loiaconopropiedades.com.ar\/index.php\/wp-json\/wp\/v2\/comments?post=12998"}],"version-history":[{"count":6,"href":"https:\/\/loiaconopropiedades.com.ar\/index.php\/wp-json\/wp\/v2\/pages\/12998\/revisions"}],"predecessor-version":[{"id":14150,"href":"https:\/\/loiaconopropiedades.com.ar\/index.php\/wp-json\/wp\/v2\/pages\/12998\/revisions\/14150"}],"wp:attachment":[{"href":"https:\/\/loiaconopropiedades.com.ar\/index.php\/wp-json\/wp\/v2\/media?parent=12998"}],"curies":[{"name":"wp","href":"https:\/\/api.w.org\/{rel}","templated":true}]}}