{"id":14277,"date":"2023-10-13T20:55:00","date_gmt":"2023-10-13T23:55:00","guid":{"rendered":"https:\/\/loiaconopropiedades.com.ar\/?page_id=14277"},"modified":"2023-10-13T20:55:01","modified_gmt":"2023-10-13T23:55:01","slug":"tasacion-venta","status":"publish","type":"page","link":"https:\/\/loiaconopropiedades.com.ar\/index.php\/tasacion-venta\/","title":{"rendered":"Tasaci\u00f3n Venta"},"content":{"rendered":"<h4 style=\"text-align: center;\"><strong>\u00bfC\u00f3mo Es El Proceso De Una Tasaci\u00f3n De Venta?<\/strong><\/h4>\n<h5>Uno de nuestros Martilleros se apersona al inmueble para asesorarlos en lo que necesiten y brindarles el valor de su propiedad seg\u00fan el mercado actual.<\/h5>\n<h5>De estar de acuerdo con el mismo, firmar\u00edamos una autorizaci\u00f3n de venta (una autorizaci\u00f3n de venta es un permiso por parte de ustedes, los propietarios, para que podamos publicar su inmueble en la web. Trabajamos con Mercado Libre, Argenprop, Zonaprop, Buscainmueble, Clar\u00edn.com, Cabaprop y nuestra p\u00e1gina.<\/h5>\n<h5>Luego s\u00f3lo restar\u00eda coordinar d\u00eda y horario para realizar la sesi\u00f3n fotogr\u00e1fica (im\u00e1genes, video recorrido y plano orientativo de la distribuci\u00f3n de los ambientes) y colocar cartel (si lo desean)<\/h5>\n<p style=\"text-align: center;\">\u00bfLe gustar\u00eda coordinar una visita de tasaci\u00f3n al inmueble?<\/p>\n<h4 style=\"text-align: center;\"><strong>\u00bfTiene Costo?<\/strong><\/h4>\n<h5>La tasaci\u00f3n, informada verbalmente no posee costo. En caso de que la requieran por escrito, su valor es de\u00a0XXXXX<\/h5>\n","protected":false},"excerpt":{"rendered":"<p>\u00bfC\u00f3mo Es El Proceso De Una Tasaci\u00f3n De Venta? Uno de nuestros Martilleros se apersona al inmueble para asesorarlos en lo que necesiten y brindarles el valor de su propiedad seg\u00fan el mercado actual. De estar de acuerdo con el mismo, firmar\u00edamos una autorizaci\u00f3n de venta (una autorizaci\u00f3n de venta es un permiso por parte&#8230;<\/p>\n","protected":false},"author":1,"featured_media":0,"parent":0,"menu_order":0,"comment_status":"closed","ping_status":"closed","template":"","meta":{"_monsterinsights_skip_tracking":false,"_monsterinsights_sitenote_active":false,"_monsterinsights_sitenote_note":"","_monsterinsights_sitenote_category":0,"footnotes":""},"class_list":["post-14277","page","type-page","status-publish","hentry"],"aioseo_notices":[],"post_mailing_queue_ids":[],"_links":{"self":[{"href":"https:\/\/loiaconopropiedades.com.ar\/index.php\/wp-json\/wp\/v2\/pages\/14277","targetHints":{"allow":["GET"]}}],"collection":[{"href":"https:\/\/loiaconopropiedades.com.ar\/index.php\/wp-json\/wp\/v2\/pages"}],"about":[{"href":"https:\/\/loiaconopropiedades.com.ar\/index.php\/wp-json\/wp\/v2\/types\/page"}],"author":[{"embeddable":true,"href":"https:\/\/loiaconopropiedades.com.ar\/index.php\/wp-json\/wp\/v2\/users\/1"}],"replies":[{"embeddable":true,"href":"https:\/\/loiaconopropiedades.com.ar\/index.php\/wp-json\/wp\/v2\/comments?post=14277"}],"version-history":[{"count":1,"href":"https:\/\/loiaconopropiedades.com.ar\/index.php\/wp-json\/wp\/v2\/pages\/14277\/revisions"}],"predecessor-version":[{"id":14278,"href":"https:\/\/loiaconopropiedades.com.ar\/index.php\/wp-json\/wp\/v2\/pages\/14277\/revisions\/14278"}],"wp:attachment":[{"href":"https:\/\/loiaconopropiedades.com.ar\/index.php\/wp-json\/wp\/v2\/media?parent=14277"}],"curies":[{"name":"wp","href":"https:\/\/api.w.org\/{rel}","templated":true}]}}