{"id":14279,"date":"2023-10-13T20:56:34","date_gmt":"2023-10-13T23:56:34","guid":{"rendered":"https:\/\/loiaconopropiedades.com.ar\/?page_id=14279"},"modified":"2023-10-13T20:56:34","modified_gmt":"2023-10-13T23:56:34","slug":"alquilar-mi-inmueble","status":"publish","type":"page","link":"https:\/\/loiaconopropiedades.com.ar\/index.php\/alquilar-mi-inmueble\/","title":{"rendered":"Alquilar mi inmueble"},"content":{"rendered":"<h4 style=\"text-align: center;\">Quiero alquilar mi inmueble, \u00bfc\u00f3mo ser\u00eda el proceso? \u00bfQu\u00e9 costo tiene? \u00bfTambi\u00e9n realizan la administraci\u00f3n?<\/h4>\n<h5>Uno de nuestros Martilleros se apersona al inmueble para asesorarlos en lo que necesiten y brindarles el valor de su propiedad seg\u00fan el mercado actual.<\/h5>\n<h5><span class=\"selectable-text copyable-text\">Les comentamos que nosotros nos encargamos de todo el proceso (tasaci\u00f3n, publicidad, b\u00fasqueda del inquilino perfecto, averiguaciones sobre la garant\u00eda y confecci\u00f3n de contrato). <\/span>El valor del servicio, regulado por ley, es el 4,15% del total del contrato (se descuenta de lo que abona el inquilino al momento de la firma). <span style=\"color: #ff0000;\">[S\u00d3LO SI PREGUNTAN: la cuenta se realiza multiplicando el importe inicial x 36 meses de contrato x 4,15 dividido 100]<\/span><\/h5>\n<h5 class=\"selectable-text copyable-text iq0m558w g0rxnol2\" dir=\"ltr\"><span class=\"selectable-text copyable-text\"> Por otro lado, les ofrecemos tambi\u00e9n nuestra <strong>administraci\u00f3n<\/strong>, la cual tiene un valor equivalente al 5% del canon locativo (se descuenta mensualmente) e involucra todo lo necesario para que ustedes se despreocupen del alquiler:<\/span><\/h5>\n<h5 class=\"selectable-text copyable-text iq0m558w g0rxnol2\" dir=\"ltr\"><span class=\"selectable-text copyable-text\"> -Cobro del importe mensual en la oficina con entrega de recibo a inquilinos. <\/span><\/h5>\n<h5 class=\"selectable-text copyable-text iq0m558w g0rxnol2\" dir=\"ltr\"><span class=\"selectable-text copyable-text\">-Control de pago de los servicios (ABL, Expensas, Luz, Gas, Agua) <\/span><\/h5>\n<h5 class=\"selectable-text copyable-text iq0m558w g0rxnol2\" dir=\"ltr\"><span class=\"selectable-text copyable-text\">-Verificaci\u00f3n en las p\u00e1ginas de Edesur, Metrogas, Aysa y Agip del estado de cuenta (Muchas veces las empresas siguen reclamando importes que ya est\u00e1n pagos).<\/span><\/h5>\n<h5 class=\"selectable-text copyable-text iq0m558w g0rxnol2\" dir=\"ltr\"><span class=\"selectable-text copyable-text\"> -Gesti\u00f3n administrativa en caso de mora de alquiler o servicios.<\/span><\/h5>\n<h5 class=\"selectable-text copyable-text iq0m558w g0rxnol2\" dir=\"ltr\"><span class=\"selectable-text copyable-text\">-Confecci\u00f3n de la factura mensual hacia el inquilino por cuenta y orden de los propietarios, en el casod e ser necesaria.<\/span><\/h5>\n<h5 class=\"selectable-text copyable-text iq0m558w g0rxnol2\" dir=\"ltr\"><span class=\"selectable-text copyable-text\"> -Puesta a disposici\u00f3n del dinero de alquiler+mora en nuestras oficinas o env\u00edo a la cuenta bancaria que nos proporcionen. <\/span><\/h5>\n<h5 class=\"selectable-text copyable-text iq0m558w g0rxnol2\" dir=\"ltr\"><span class=\"selectable-text copyable-text\">-Realizaci\u00f3n del aumento del alquiler con el \u00edndice publicado por el Banco Central en los meses que corresponda. <\/span><\/h5>\n<h5 class=\"selectable-text copyable-text iq0m558w g0rxnol2\" dir=\"ltr\"><span class=\"selectable-text copyable-text\">-Asesoramiento a propietarios e inquilinos ante cualquier consulta <\/span><\/h5>\n<h5 class=\"selectable-text copyable-text iq0m558w g0rxnol2\" dir=\"ltr\"><span class=\"selectable-text copyable-text\">-Control del estado del departamento al finalizar el contrato. <\/span><\/h5>\n<h5 class=\"selectable-text copyable-text iq0m558w g0rxnol2\" dir=\"ltr\"><span class=\"selectable-text copyable-text\">-Liquidaci\u00f3n final.<\/span><\/h5>\n<h4 dir=\"ltr\">\u00bfLe gustar\u00eda coordinar una visita de tasaci\u00f3n al inmueble?<\/h4>\n","protected":false},"excerpt":{"rendered":"<p>Quiero alquilar mi inmueble, \u00bfc\u00f3mo ser\u00eda el proceso? \u00bfQu\u00e9 costo tiene? \u00bfTambi\u00e9n realizan la administraci\u00f3n? Uno de nuestros Martilleros se apersona al inmueble para asesorarlos en lo que necesiten y brindarles el valor de su propiedad seg\u00fan el mercado actual. Les comentamos que nosotros nos encargamos de todo el proceso (tasaci\u00f3n, publicidad, b\u00fasqueda del inquilino&#8230;<\/p>\n","protected":false},"author":1,"featured_media":0,"parent":0,"menu_order":0,"comment_status":"closed","ping_status":"closed","template":"","meta":{"_monsterinsights_skip_tracking":false,"_monsterinsights_sitenote_active":false,"_monsterinsights_sitenote_note":"","_monsterinsights_sitenote_category":0,"footnotes":""},"class_list":["post-14279","page","type-page","status-publish","hentry"],"aioseo_notices":[],"post_mailing_queue_ids":[],"_links":{"self":[{"href":"https:\/\/loiaconopropiedades.com.ar\/index.php\/wp-json\/wp\/v2\/pages\/14279","targetHints":{"allow":["GET"]}}],"collection":[{"href":"https:\/\/loiaconopropiedades.com.ar\/index.php\/wp-json\/wp\/v2\/pages"}],"about":[{"href":"https:\/\/loiaconopropiedades.com.ar\/index.php\/wp-json\/wp\/v2\/types\/page"}],"author":[{"embeddable":true,"href":"https:\/\/loiaconopropiedades.com.ar\/index.php\/wp-json\/wp\/v2\/users\/1"}],"replies":[{"embeddable":true,"href":"https:\/\/loiaconopropiedades.com.ar\/index.php\/wp-json\/wp\/v2\/comments?post=14279"}],"version-history":[{"count":1,"href":"https:\/\/loiaconopropiedades.com.ar\/index.php\/wp-json\/wp\/v2\/pages\/14279\/revisions"}],"predecessor-version":[{"id":14281,"href":"https:\/\/loiaconopropiedades.com.ar\/index.php\/wp-json\/wp\/v2\/pages\/14279\/revisions\/14281"}],"wp:attachment":[{"href":"https:\/\/loiaconopropiedades.com.ar\/index.php\/wp-json\/wp\/v2\/media?parent=14279"}],"curies":[{"name":"wp","href":"https:\/\/api.w.org\/{rel}","templated":true}]}}