{"id":3403,"date":"2020-10-17T14:02:24","date_gmt":"2020-10-17T17:02:24","guid":{"rendered":"http:\/\/loiaconopropiedades.com.ar\/?page_id=3403"},"modified":"2025-07-06T16:00:40","modified_gmt":"2025-07-06T19:00:40","slug":"contacto","status":"publish","type":"page","link":"https:\/\/loiaconopropiedades.com.ar\/index.php\/contacto\/","title":{"rendered":"Contacto"},"content":{"rendered":"\t\t<div data-elementor-type=\"wp-page\" data-elementor-id=\"3403\" class=\"elementor elementor-3403\">\n\t\t\t\t\t\t<section class=\"elementor-section elementor-top-section elementor-element elementor-element-f15e91c elementor-section-boxed elementor-section-height-default elementor-section-height-default\" data-id=\"f15e91c\" data-element_type=\"section\" data-e-type=\"section\">\n\t\t\t\t\t\t<div class=\"elementor-container elementor-column-gap-default\">\n\t\t\t\t\t<div class=\"elementor-column elementor-col-100 elementor-top-column elementor-element elementor-element-a3e0add\" data-id=\"a3e0add\" data-element_type=\"column\" data-e-type=\"column\">\n\t\t\t<div class=\"elementor-widget-wrap elementor-element-populated\">\n\t\t\t\t\t\t<div class=\"elementor-element elementor-element-b73fe38 elementor-widget elementor-widget-image\" data-id=\"b73fe38\" data-element_type=\"widget\" data-e-type=\"widget\" data-widget_type=\"image.default\">\n\t\t\t\t<div class=\"elementor-widget-container\">\n\t\t\t\t\t\t\t\t\t\t\t\t\t\t\t<img decoding=\"async\" width=\"300\" height=\"100\" data-src=\"https:\/\/loiaconopropiedades.com.ar\/wp-content\/uploads\/2020\/10\/PNG-isologotipo.png\" class=\"attachment-full size-full wp-image-1553 lazyload\" alt=\"\" data-srcset=\"https:\/\/loiaconopropiedades.com.ar\/wp-content\/uploads\/2020\/10\/PNG-isologotipo.png 300w, https:\/\/loiaconopropiedades.com.ar\/wp-content\/uploads\/2020\/10\/PNG-isologotipo-150x50.png 150w\" data-sizes=\"(max-width: 300px) 100vw, 300px\" src=\"data:image\/svg+xml;base64,PHN2ZyB3aWR0aD0iMSIgaGVpZ2h0PSIxIiB4bWxucz0iaHR0cDovL3d3dy53My5vcmcvMjAwMC9zdmciPjwvc3ZnPg==\" style=\"--smush-placeholder-width: 300px; --smush-placeholder-aspect-ratio: 300\/100;\" \/>\t\t\t\t\t\t\t\t\t\t\t\t\t\t\t<\/div>\n\t\t\t\t<\/div>\n\t\t\t\t<div class=\"elementor-element elementor-element-f7b04d0 elementor-widget elementor-widget-google_maps\" data-id=\"f7b04d0\" data-element_type=\"widget\" data-e-type=\"widget\" data-widget_type=\"google_maps.default\">\n\t\t\t\t<div class=\"elementor-widget-container\">\n\t\t\t\t\t\t\t<div class=\"elementor-custom-embed\">\n\t\t\t<iframe\n\t\t\t\t\tdata-src=\"https:\/\/maps.google.com\/maps?q=Av.%20Riestra%205913&#038;t=m&#038;z=16&#038;output=embed&#038;iwloc=near\"\n\t\t\t\t\ttitle=\"Av. Riestra 5913\"\n\t\t\t\t\taria-label=\"Av. Riestra 5913\"\n\t\t\t src=\"data:image\/svg+xml;base64,PHN2ZyB3aWR0aD0iMSIgaGVpZ2h0PSIxIiB4bWxucz0iaHR0cDovL3d3dy53My5vcmcvMjAwMC9zdmciPjwvc3ZnPg==\" class=\"lazyload\" data-load-mode=\"1\"><\/iframe>\n\t\t<\/div>\n\t\t\t\t\t\t<\/div>\n\t\t\t\t<\/div>\n\t\t\t\t<div class=\"elementor-element elementor-element-bf2bfe5 elementor-align-start elementor-icon-list--layout-traditional elementor-list-item-link-full_width elementor-widget elementor-widget-icon-list\" data-id=\"bf2bfe5\" data-element_type=\"widget\" data-e-type=\"widget\" data-widget_type=\"icon-list.default\">\n\t\t\t\t<div class=\"elementor-widget-container\">\n\t\t\t\t\t\t\t<ul class=\"elementor-icon-list-items\">\n\t\t\t\t\t\t\t<li class=\"elementor-icon-list-item\">\n\t\t\t\t\t\t\t\t\t\t\t<span class=\"elementor-icon-list-icon\">\n\t\t\t\t\t\t\t<i aria-hidden=\"true\" class=\"fas fa-map-marker-alt\"><\/i>\t\t\t\t\t\t<\/span>\n\t\t\t\t\t\t\t\t\t\t<span class=\"elementor-icon-list-text\">Direcci\u00f3n: Av. Riestra 5913, C.A.B.A.<\/span>\n\t\t\t\t\t\t\t\t\t<\/li>\n\t\t\t\t\t\t\t\t<li class=\"elementor-icon-list-item\">\n\t\t\t\t\t\t\t\t\t\t\t<span class=\"elementor-icon-list-icon\">\n\t\t\t\t\t\t\t<i aria-hidden=\"true\" class=\"fas fa-phone-alt\"><\/i>\t\t\t\t\t\t<\/span>\n\t\t\t\t\t\t\t\t\t\t<span class=\"elementor-icon-list-text\">Tel\u00e9fonos: 4602-9333 \/\/ 3750-4087<\/span>\n\t\t\t\t\t\t\t\t\t<\/li>\n\t\t\t\t\t\t\t\t<li class=\"elementor-icon-list-item\">\n\t\t\t\t\t\t\t\t\t\t\t<span class=\"elementor-icon-list-icon\">\n\t\t\t\t\t\t\t<i aria-hidden=\"true\" class=\"fab fa-whatsapp\"><\/i>\t\t\t\t\t\t<\/span>\n\t\t\t\t\t\t\t\t\t\t<span class=\"elementor-icon-list-text\">Whatsapp: 15-3625-4816<\/span>\n\t\t\t\t\t\t\t\t\t<\/li>\n\t\t\t\t\t\t\t\t<li class=\"elementor-icon-list-item\">\n\t\t\t\t\t\t\t\t\t\t\t<span class=\"elementor-icon-list-icon\">\n\t\t\t\t\t\t\t<i aria-hidden=\"true\" class=\"fas fa-envelope\"><\/i>\t\t\t\t\t\t<\/span>\n\t\t\t\t\t\t\t\t\t\t<span class=\"elementor-icon-list-text\">Correo electr\u00f3nico: LoiaconoPropiedades@gmail.com<\/span>\n\t\t\t\t\t\t\t\t\t<\/li>\n\t\t\t\t\t\t<\/ul>\n\t\t\t\t\t\t<\/div>\n\t\t\t\t<\/div>\n\t\t\t\t<div class=\"elementor-element elementor-element-9575bbc elementor-widget elementor-widget-heading\" data-id=\"9575bbc\" data-element_type=\"widget\" data-e-type=\"widget\" data-widget_type=\"heading.default\">\n\t\t\t\t<div class=\"elementor-widget-container\">\n\t\t\t\t\t<h2 class=\"elementor-heading-title elementor-size-medium\">Env\u00edenos un mensaje y le responderemos a la brevedad<\/h2>\t\t\t\t<\/div>\n\t\t\t\t<\/div>\n\t\t\t\t<div class=\"elementor-element elementor-element-6ba9107 elementor-invisible elementor-widget elementor-widget-wpforms\" data-id=\"6ba9107\" data-element_type=\"widget\" data-e-type=\"widget\" data-settings=\"{&quot;_animation&quot;:&quot;fadeIn&quot;}\" data-widget_type=\"wpforms.default\">\n\t\t\t\t<div class=\"elementor-widget-container\">\n\t\t\t\t\t<div class=\"wpforms-container wpforms-container-full\" id=\"wpforms-3391\"><form id=\"wpforms-form-3391\" class=\"wpforms-validate wpforms-form wpforms-ajax-form\" data-formid=\"3391\" method=\"post\" enctype=\"multipart\/form-data\" action=\"\/index.php\/wp-json\/wp\/v2\/pages\/3403\" data-token=\"2abe474f5422cdc47dd07665ccc0c2e2\" data-token-time=\"1777882439\"><noscript class=\"wpforms-error-noscript\">Por favor, activa JavaScript en tu navegador para completar este formulario.<\/noscript><div class=\"wpforms-field-container\"><div id=\"wpforms-3391-field_0-container\" class=\"wpforms-field wpforms-field-name\" data-field-id=\"0\"><label class=\"wpforms-field-label\" for=\"wpforms-3391-field_0\">Nombre<\/label><input type=\"text\" id=\"wpforms-3391-field_0\" class=\"wpforms-field-medium\" name=\"wpforms[fields][0]\" ><\/div><div id=\"wpforms-3391-field_5-container\" class=\"wpforms-field wpforms-field-name\" data-field-id=\"5\"><label class=\"wpforms-field-label\" for=\"wpforms-3391-field_5\">N\u00famero de tel\u00e9fono <span class=\"wpforms-required-label\">*<\/span><\/label><input type=\"text\" id=\"wpforms-3391-field_5\" class=\"wpforms-field-medium wpforms-field-required\" name=\"wpforms[fields][5]\" required><\/div><div id=\"wpforms-3391-field_1-container\" class=\"wpforms-field wpforms-field-email\" data-field-id=\"1\"><label class=\"wpforms-field-label\" for=\"wpforms-3391-field_1\">Correo electr\u00f3nico <span class=\"wpforms-required-label\">*<\/span><\/label><input type=\"email\" id=\"wpforms-3391-field_1\" class=\"wpforms-field-medium wpforms-field-required\" name=\"wpforms[fields][1]\" spellcheck=\"false\" required><\/div><div id=\"wpforms-3391-field_2-container\" class=\"wpforms-field wpforms-field-textarea\" data-field-id=\"2\"><label class=\"wpforms-field-label\" for=\"wpforms-3391-field_2\">Mensaje<\/label><textarea id=\"wpforms-3391-field_2\" class=\"wpforms-field-medium\" name=\"wpforms[fields][2]\" ><\/textarea><\/div><div id=\"wpforms-3391-field_7-container\" class=\"wpforms-field wpforms-field-checkbox\" data-field-id=\"7\"><ul id=\"wpforms-3391-field_7\"><li class=\"choice-1 depth-1\"><input type=\"checkbox\" id=\"wpforms-3391-field_7_1\" name=\"wpforms[fields][7][]\" value=\"Quiero que me avisen cuando ingresen nuevas propiedades seg\u00fan mis intereses\"  ><label class=\"wpforms-field-label-inline\" for=\"wpforms-3391-field_7_1\">Quiero que me avisen cuando ingresen nuevas propiedades seg\u00fan mis intereses<\/label><\/li><\/ul><div class=\"wpforms-field-description\">Si marca esta casilla, por favor indique a continuaci\u00f3n cu\u00e1les son sus necesidades:<\/div><\/div><div id=\"wpforms-3391-field_10-container\" class=\"wpforms-field wpforms-field-select wpforms-field-select-style-classic\" data-field-id=\"10\"><label class=\"wpforms-field-label\" for=\"wpforms-3391-field_10\">Busco<\/label><select id=\"wpforms-3391-field_10\" class=\"wpforms-field-medium\" name=\"wpforms[fields][10]\"><option value=\"Propiedades en Venta\"  selected='selected' class=\"choice-1 depth-1\"  >Propiedades en Venta<\/option><option value=\"Propiedades en Alquiler\"  class=\"choice-2 depth-1\"  >Propiedades en Alquiler<\/option><\/select><\/div><div id=\"wpforms-3391-field_24-container\" class=\"wpforms-field wpforms-field-checkbox wpforms-list-2-columns\" data-field-id=\"24\"><label class=\"wpforms-field-label\">Tipo (Seleccione uno o m\u00e1s)<\/label><ul id=\"wpforms-3391-field_24\"><li class=\"choice-1 depth-1\"><input type=\"checkbox\" id=\"wpforms-3391-field_24_1\" name=\"wpforms[fields][24][]\" value=\"Casas\"  ><label class=\"wpforms-field-label-inline\" for=\"wpforms-3391-field_24_1\">Casas<\/label><\/li><li class=\"choice-2 depth-1\"><input type=\"checkbox\" id=\"wpforms-3391-field_24_2\" name=\"wpforms[fields][24][]\" value=\"PH\"  ><label class=\"wpforms-field-label-inline\" for=\"wpforms-3391-field_24_2\">PH<\/label><\/li><li class=\"choice-3 depth-1\"><input type=\"checkbox\" id=\"wpforms-3391-field_24_3\" name=\"wpforms[fields][24][]\" value=\"Departamentos\"  ><label class=\"wpforms-field-label-inline\" for=\"wpforms-3391-field_24_3\">Departamentos<\/label><\/li><li class=\"choice-4 depth-1\"><input type=\"checkbox\" id=\"wpforms-3391-field_24_4\" name=\"wpforms[fields][24][]\" value=\"Lotes\"  ><label class=\"wpforms-field-label-inline\" for=\"wpforms-3391-field_24_4\">Lotes<\/label><\/li><li class=\"choice-5 depth-1\"><input type=\"checkbox\" id=\"wpforms-3391-field_24_5\" name=\"wpforms[fields][24][]\" value=\"Locales\"  ><label class=\"wpforms-field-label-inline\" for=\"wpforms-3391-field_24_5\">Locales<\/label><\/li><li class=\"choice-6 depth-1\"><input type=\"checkbox\" id=\"wpforms-3391-field_24_6\" name=\"wpforms[fields][24][]\" value=\"Galpones\"  ><label class=\"wpforms-field-label-inline\" for=\"wpforms-3391-field_24_6\">Galpones<\/label><\/li><li class=\"choice-7 depth-1\"><input type=\"checkbox\" id=\"wpforms-3391-field_24_7\" name=\"wpforms[fields][24][]\" value=\"Otros emprendimientos\"  ><label class=\"wpforms-field-label-inline\" for=\"wpforms-3391-field_24_7\">Otros emprendimientos<\/label><\/li><\/ul><\/div><div id=\"wpforms-3391-field_23-container\" class=\"wpforms-field wpforms-field-checkbox wpforms-list-inline\" data-field-id=\"23\"><label class=\"wpforms-field-label\">Ambientes (Seleccione uno o m\u00e1s)<\/label><ul id=\"wpforms-3391-field_23\"><li class=\"choice-1 depth-1\"><input type=\"checkbox\" id=\"wpforms-3391-field_23_1\" name=\"wpforms[fields][23][]\" value=\"1\"  ><label class=\"wpforms-field-label-inline\" for=\"wpforms-3391-field_23_1\">1<\/label><\/li><li class=\"choice-2 depth-1\"><input type=\"checkbox\" id=\"wpforms-3391-field_23_2\" name=\"wpforms[fields][23][]\" value=\"2\"  ><label class=\"wpforms-field-label-inline\" for=\"wpforms-3391-field_23_2\">2<\/label><\/li><li class=\"choice-3 depth-1\"><input type=\"checkbox\" id=\"wpforms-3391-field_23_3\" name=\"wpforms[fields][23][]\" value=\"3\"  ><label class=\"wpforms-field-label-inline\" for=\"wpforms-3391-field_23_3\">3<\/label><\/li><li class=\"choice-4 depth-1\"><input type=\"checkbox\" id=\"wpforms-3391-field_23_4\" name=\"wpforms[fields][23][]\" value=\"4\"  ><label class=\"wpforms-field-label-inline\" for=\"wpforms-3391-field_23_4\">4<\/label><\/li><li class=\"choice-5 depth-1\"><input type=\"checkbox\" id=\"wpforms-3391-field_23_5\" name=\"wpforms[fields][23][]\" value=\"5 o m\u00e1s\"  ><label class=\"wpforms-field-label-inline\" for=\"wpforms-3391-field_23_5\">5 o m\u00e1s<\/label><\/li><\/ul><\/div><div id=\"wpforms-3391-field_14-container\" class=\"wpforms-field wpforms-field-checkbox wpforms-list-inline\" data-field-id=\"14\"><label class=\"wpforms-field-label\">Extras (Seleccione uno o m\u00e1s)<\/label><ul id=\"wpforms-3391-field_14\" data-choice-limit=\"17\"><li class=\"choice-1 depth-1\"><input type=\"checkbox\" id=\"wpforms-3391-field_14_1\" data-rule-check-limit=\"true\" name=\"wpforms[fields][14][]\" value=\"Patio\/Fondo Libre\"  ><label class=\"wpforms-field-label-inline\" for=\"wpforms-3391-field_14_1\">Patio\/Fondo Libre<\/label><\/li><li class=\"choice-5 depth-1\"><input type=\"checkbox\" id=\"wpforms-3391-field_14_5\" data-rule-check-limit=\"true\" name=\"wpforms[fields][14][]\" value=\"Garaje\/cochera\"  ><label class=\"wpforms-field-label-inline\" for=\"wpforms-3391-field_14_5\">Garaje\/cochera<\/label><\/li><li class=\"choice-3 depth-1\"><input type=\"checkbox\" id=\"wpforms-3391-field_14_3\" data-rule-check-limit=\"true\" name=\"wpforms[fields][14][]\" value=\"Terraza\"  ><label class=\"wpforms-field-label-inline\" for=\"wpforms-3391-field_14_3\">Terraza<\/label><\/li><li class=\"choice-4 depth-1\"><input type=\"checkbox\" id=\"wpforms-3391-field_14_4\" data-rule-check-limit=\"true\" name=\"wpforms[fields][14][]\" value=\"Balc\u00f3n\"  ><label class=\"wpforms-field-label-inline\" for=\"wpforms-3391-field_14_4\">Balc\u00f3n<\/label><\/li><li class=\"choice-6 depth-1\"><input type=\"checkbox\" id=\"wpforms-3391-field_14_6\" data-rule-check-limit=\"true\" name=\"wpforms[fields][14][]\" value=\"A refaccionar\"  ><label class=\"wpforms-field-label-inline\" for=\"wpforms-3391-field_14_6\">A refaccionar<\/label><\/li><\/ul><\/div><div id=\"wpforms-3391-field_21-container\" class=\"wpforms-field wpforms-field-number-slider\" data-field-id=\"21\"><label class=\"wpforms-field-label\" for=\"wpforms-3391-field_21\">Valor aproximado<\/label>\n<input\n\ttype=\"range\"\n\tid=\"wpforms-3391-field_21\" class=\"wpforms-field-large\" name=\"wpforms[fields][21]\" value=\"0\"\t\tmin=\"0\"\n\tmax=\"700000\"\n\tstep=\"10000\">\n\n<div class=\"wpforms-field-number-slider-hint\"\n\tdata-hint=\"Valor seleccionado: {value}\">\n\tValor seleccionado: <b>0<\/b><\/div>\n<\/div><\/div><!-- .wpforms-field-container --><div class=\"wpforms-recaptcha-container wpforms-is-recaptcha wpforms-is-recaptcha-type-invisible\" ><div class=\"g-recaptcha\" data-sitekey=\"6Lf8QtgZAAAAABIMHTkZ_D6L-WPPm8u7WofjyaXE\" data-size=\"invisible\"><\/div><\/div><div class=\"wpforms-submit-container\" ><input type=\"hidden\" name=\"wpforms[id]\" value=\"3391\"><input type=\"hidden\" name=\"page_title\" value=\"\"><input type=\"hidden\" name=\"page_url\" value=\"https:\/\/loiaconopropiedades.com.ar\/index.php\/wp-json\/wp\/v2\/pages\/3403\"><input type=\"hidden\" name=\"url_referer\" value=\"\"><button type=\"submit\" name=\"wpforms[submit]\" id=\"wpforms-submit-3391\" class=\"wpforms-submit\" data-alt-text=\"Enviando...\" data-submit-text=\"Enviar mensaje\" aria-live=\"assertive\" value=\"wpforms-submit\">Enviar mensaje<\/button><img decoding=\"async\" data-src=\"https:\/\/loiaconopropiedades.com.ar\/wp-content\/plugins\/wpforms-lite\/assets\/images\/submit-spin.svg\" class=\"wpforms-submit-spinner lazyload\" style=\"--smush-placeholder-width: 26px; --smush-placeholder-aspect-ratio: 26\/26;display: none;\" width=\"26\" height=\"26\" alt=\"Cargando\" src=\"data:image\/svg+xml;base64,PHN2ZyB3aWR0aD0iMSIgaGVpZ2h0PSIxIiB4bWxucz0iaHR0cDovL3d3dy53My5vcmcvMjAwMC9zdmciPjwvc3ZnPg==\"><\/div><\/form><\/div>  <!-- .wpforms-container -->\t\t\t\t<\/div>\n\t\t\t\t<\/div>\n\t\t\t\t<div class=\"elementor-element elementor-element-d89e6a8 elementor-shape-square elementor-grid-0 e-grid-align-center elementor-widget elementor-widget-social-icons\" data-id=\"d89e6a8\" data-element_type=\"widget\" data-e-type=\"widget\" data-widget_type=\"social-icons.default\">\n\t\t\t\t<div class=\"elementor-widget-container\">\n\t\t\t\t\t\t\t<div class=\"elementor-social-icons-wrapper elementor-grid\" role=\"list\">\n\t\t\t\t\t\t\t<span class=\"elementor-grid-item\" role=\"listitem\">\n\t\t\t\t\t<a class=\"elementor-icon elementor-social-icon elementor-social-icon-facebook elementor-repeater-item-6bd1107\" href=\"https:\/\/www.facebook.com\/LoiaconoPropied\/\" target=\"_blank\">\n\t\t\t\t\t\t<span class=\"elementor-screen-only\">Facebook<\/span>\n\t\t\t\t\t\t<i aria-hidden=\"true\" class=\"fab fa-facebook\"><\/i>\t\t\t\t\t<\/a>\n\t\t\t\t<\/span>\n\t\t\t\t\t\t\t<span class=\"elementor-grid-item\" role=\"listitem\">\n\t\t\t\t\t<a class=\"elementor-icon elementor-social-icon elementor-social-icon-twitter elementor-repeater-item-860e386\" href=\"https:\/\/twitter.com\/loiaconopropied\" target=\"_blank\">\n\t\t\t\t\t\t<span class=\"elementor-screen-only\">Twitter<\/span>\n\t\t\t\t\t\t<i aria-hidden=\"true\" class=\"fab fa-twitter\"><\/i>\t\t\t\t\t<\/a>\n\t\t\t\t<\/span>\n\t\t\t\t\t\t\t<span class=\"elementor-grid-item\" role=\"listitem\">\n\t\t\t\t\t<a class=\"elementor-icon elementor-social-icon elementor-social-icon-youtube elementor-repeater-item-32f75fb\" href=\"https:\/\/www.youtube.com\/channel\/UCBELPRJbSyRZ1bN1ZGWGr6A?view_as=subscriber\" target=\"_blank\">\n\t\t\t\t\t\t<span class=\"elementor-screen-only\">Youtube<\/span>\n\t\t\t\t\t\t<i aria-hidden=\"true\" class=\"fab fa-youtube\"><\/i>\t\t\t\t\t<\/a>\n\t\t\t\t<\/span>\n\t\t\t\t\t\t\t<span class=\"elementor-grid-item\" role=\"listitem\">\n\t\t\t\t\t<a class=\"elementor-icon elementor-social-icon elementor-social-icon-instagram elementor-repeater-item-5528c5e\" href=\"https:\/\/www.instagram.com\/loiaconopropiedades\/\" target=\"_blank\">\n\t\t\t\t\t\t<span class=\"elementor-screen-only\">Instagram<\/span>\n\t\t\t\t\t\t<i aria-hidden=\"true\" class=\"fab fa-instagram\"><\/i>\t\t\t\t\t<\/a>\n\t\t\t\t<\/span>\n\t\t\t\t\t<\/div>\n\t\t\t\t\t\t<\/div>\n\t\t\t\t<\/div>\n\t\t\t\t\t<\/div>\n\t\t<\/div>\n\t\t\t\t\t<\/div>\n\t\t<\/section>\n\t\t\t\t<section class=\"elementor-section elementor-top-section elementor-element elementor-element-7366c72 elementor-section-boxed elementor-section-height-default elementor-section-height-default\" data-id=\"7366c72\" data-element_type=\"section\" data-e-type=\"section\">\n\t\t\t\t\t\t<div class=\"elementor-container elementor-column-gap-default\">\n\t\t\t\t\t<div class=\"elementor-column elementor-col-100 elementor-top-column elementor-element elementor-element-26794a9\" data-id=\"26794a9\" data-element_type=\"column\" data-e-type=\"column\">\n\t\t\t<div class=\"elementor-widget-wrap elementor-element-populated\">\n\t\t\t\t\t\t<div class=\"elementor-element elementor-element-ac494fe elementor-widget elementor-widget-html\" data-id=\"ac494fe\" data-element_type=\"widget\" data-e-type=\"widget\" data-widget_type=\"html.default\">\n\t\t\t\t<div class=\"elementor-widget-container\">\n\t\t\t\t\t<link href=\"https:\/\/cdn.jsdelivr.net\/npm\/@n8n\/chat\/dist\/style.css\" rel=\"stylesheet\" \/>\n<script type=\"module\">\n\timport { createChat } from 'https:\/\/cdn.jsdelivr.net\/npm\/@n8n\/chat\/dist\/chat.bundle.es.js';\n\n\tcreateChat({\n\t\twebhookUrl: 'Yhttps:\/\/loiaconopropiedades.app.n8n.cloud\/webhook\/0b507595-e00f-40e4-ab75-314ef66b2ab0\/chat'\n\t});\n<\/script>\t\t\t\t<\/div>\n\t\t\t\t<\/div>\n\t\t\t\t\t<\/div>\n\t\t<\/div>\n\t\t\t\t\t<\/div>\n\t\t<\/section>\n\t\t\t\t<\/div>\n\t\t","protected":false},"excerpt":{"rendered":"<p>Direcci\u00f3n: Av. Riestra 5913, C.A.B.A. Tel\u00e9fonos: 4602-9333 \/\/ 3750-4087 Whatsapp: 15-3625-4816 Correo electr\u00f3nico: LoiaconoPropiedades@gmail.com Env\u00edenos un mensaje y le responderemos a la brevedad Por favor, activa JavaScript en tu navegador para completar este formulario.NombreN\u00famero de tel\u00e9fono *Correo electr\u00f3nico *Mensaje Quiero que me avisen cuando ingresen nuevas propiedades seg\u00fan mis intereses Si marca esta casilla, por&#8230;<\/p>\n","protected":false},"author":1,"featured_media":0,"parent":0,"menu_order":0,"comment_status":"closed","ping_status":"closed","template":"","meta":{"_monsterinsights_skip_tracking":false,"_monsterinsights_sitenote_active":false,"_monsterinsights_sitenote_note":"","_monsterinsights_sitenote_category":0,"footnotes":""},"class_list":["post-3403","page","type-page","status-publish","hentry"],"aioseo_notices":[],"post_mailing_queue_ids":[],"_links":{"self":[{"href":"https:\/\/loiaconopropiedades.com.ar\/index.php\/wp-json\/wp\/v2\/pages\/3403","targetHints":{"allow":["GET"]}}],"collection":[{"href":"https:\/\/loiaconopropiedades.com.ar\/index.php\/wp-json\/wp\/v2\/pages"}],"about":[{"href":"https:\/\/loiaconopropiedades.com.ar\/index.php\/wp-json\/wp\/v2\/types\/page"}],"author":[{"embeddable":true,"href":"https:\/\/loiaconopropiedades.com.ar\/index.php\/wp-json\/wp\/v2\/users\/1"}],"replies":[{"embeddable":true,"href":"https:\/\/loiaconopropiedades.com.ar\/index.php\/wp-json\/wp\/v2\/comments?post=3403"}],"version-history":[{"count":6,"href":"https:\/\/loiaconopropiedades.com.ar\/index.php\/wp-json\/wp\/v2\/pages\/3403\/revisions"}],"predecessor-version":[{"id":17673,"href":"https:\/\/loiaconopropiedades.com.ar\/index.php\/wp-json\/wp\/v2\/pages\/3403\/revisions\/17673"}],"wp:attachment":[{"href":"https:\/\/loiaconopropiedades.com.ar\/index.php\/wp-json\/wp\/v2\/media?parent=3403"}],"curies":[{"name":"wp","href":"https:\/\/api.w.org\/{rel}","templated":true}]}}