{"id":44,"date":"2017-06-03T23:45:40","date_gmt":"2017-06-03T23:45:40","guid":{"rendered":"http:\/\/realhomes.inspirythemes.com\/?page_id=44"},"modified":"2026-03-05T13:17:25","modified_gmt":"2026-03-05T16:17:25","slug":"home","status":"publish","type":"page","link":"https:\/\/loiaconopropiedades.com.ar\/","title":{"rendered":"Inicio"},"content":{"rendered":"\t\t<div data-elementor-type=\"wp-post\" data-elementor-id=\"44\" class=\"elementor elementor-44\">\n\t\t\t\t\t\t<section class=\"elementor-section elementor-top-section elementor-element elementor-element-883141c elementor-section-boxed elementor-section-height-default elementor-section-height-default\" data-id=\"883141c\" data-element_type=\"section\" data-e-type=\"section\">\n\t\t\t\t\t\t<div class=\"elementor-container elementor-column-gap-default\">\n\t\t\t\t\t<div class=\"elementor-column elementor-col-100 elementor-top-column elementor-element elementor-element-349fad3\" data-id=\"349fad3\" data-element_type=\"column\" data-e-type=\"column\">\n\t\t\t<div class=\"elementor-widget-wrap elementor-element-populated\">\n\t\t\t\t\t\t<div class=\"elementor-element elementor-element-0eee196 elementor-widget elementor-widget-heading\" data-id=\"0eee196\" data-element_type=\"widget\" data-e-type=\"widget\" data-widget_type=\"heading.default\">\n\t\t\t\t<div class=\"elementor-widget-container\">\n\t\t\t\t\t<h2 class=\"elementor-heading-title elementor-size-small\"><a href=\"https:\/\/it-winnita.com\/\">Tasaciones - Operaciones simult\u00e1neas - Financiaci\u00f3n - Propiedades aptas cr\u00e9dito bancario - Compra - Venta - Alquileres - Administraciones winita<\/a><\/h2>\t\t\t\t<\/div>\n\t\t\t\t<\/div>\n\t\t\t\t\t<\/div>\n\t\t<\/div>\n\t\t\t\t\t<\/div>\n\t\t<\/section>\n\t\t\t\t<section class=\"elementor-section elementor-top-section elementor-element elementor-element-bc57822 elementor-section-boxed elementor-section-height-default elementor-section-height-default\" data-id=\"bc57822\" data-element_type=\"section\" data-e-type=\"section\">\n\t\t\t\t\t\t<div class=\"elementor-container elementor-column-gap-default\">\n\t\t\t\t\t<div class=\"elementor-column elementor-col-16 elementor-top-column elementor-element elementor-element-9b586aa\" data-id=\"9b586aa\" data-element_type=\"column\" data-e-type=\"column\">\n\t\t\t<div class=\"elementor-widget-wrap\">\n\t\t\t\t\t\t\t<\/div>\n\t\t<\/div>\n\t\t\t\t<div class=\"elementor-column elementor-col-66 elementor-top-column elementor-element elementor-element-62d66d6\" data-id=\"62d66d6\" data-element_type=\"column\" data-e-type=\"column\">\n\t\t\t<div class=\"elementor-widget-wrap elementor-element-populated\">\n\t\t\t\t\t\t<div class=\"elementor-element elementor-element-e994ff5 elementor-alert-warning elementor-widget__width-inherit elementor-widget elementor-widget-alert\" data-id=\"e994ff5\" data-element_type=\"widget\" data-e-type=\"widget\" data-widget_type=\"alert.default\">\n\t\t\t\t<div class=\"elementor-widget-container\">\n\t\t\t\t\t\t\t<div class=\"elementor-alert\" role=\"alert\">\n\n\t\t\t\t\t\t<span class=\"elementor-alert-title\">\u00a0<\/span>\n\t\t\t\n\t\t\t\t\t\t<span class=\"elementor-alert-description\"><b>D\u00edas y Horarios de Atenci\u00f3n:<\/b> \nLunes a Viernes, de 11 a 18:30hs. \n<br><br>\n<b>Tel\u00e9fonos:<\/b>  <br>&nbsp;&nbsp;&nbsp;&nbsp;&nbsp;&nbsp;3750-4087<br> &nbsp;&nbsp;&nbsp;&nbsp;&nbsp;&nbsp;4602-9333<br> &nbsp;&nbsp;&nbsp;&nbsp;&nbsp;&nbsp;11-6167-2159 <br>o por <b>Whatsapp<\/b> al 11-3625-4816.\n<br>\n<br><b>Nuestra oficina se encuentra ubicada en:<\/b> Av. Riestra 5913, entre Cafayate y Rucci\n<br>\n<br>\n &nbsp;                   &nbsp;&nbsp;&nbsp;Los esperamos<\/span>\n\t\t\t\n\t\t\t\n\t\t<\/div>\n\t\t\t\t\t\t<\/div>\n\t\t\t\t<\/div>\n\t\t\t\t<div class=\"elementor-element elementor-element-29fb0f3 elementor-widget elementor-widget-heading\" data-id=\"29fb0f3\" data-element_type=\"widget\" data-e-type=\"widget\" data-widget_type=\"heading.default\">\n\t\t\t\t<div class=\"elementor-widget-container\">\n\t\t\t\t\t<p class=\"elementor-heading-title elementor-size-default\"><a href=\"https:\/\/tuplaystation.es\/bonuses\/\">https:\/\/tuplaystation.es\/bonuses\/<\/a><\/p>\t\t\t\t<\/div>\n\t\t\t\t<\/div>\n\t\t\t\t\t<\/div>\n\t\t<\/div>\n\t\t\t\t<div class=\"elementor-column elementor-col-16 elementor-top-column elementor-element elementor-element-abcbe1e\" data-id=\"abcbe1e\" data-element_type=\"column\" data-e-type=\"column\">\n\t\t\t<div class=\"elementor-widget-wrap\">\n\t\t\t\t\t\t\t<\/div>\n\t\t<\/div>\n\t\t\t\t\t<\/div>\n\t\t<\/section>\n\t\t\t\t<\/div>\n\t\t","protected":false},"excerpt":{"rendered":"<p>Tasaciones &#8211; Operaciones simult\u00e1neas &#8211; Financiaci\u00f3n &#8211; Propiedades aptas cr\u00e9dito bancario &#8211; Compra &#8211; Venta &#8211; Alquileres &#8211; Administraciones winita \u00a0 D\u00edas y Horarios de Atenci\u00f3n: Lunes a Viernes, de 11 a 18:30hs. Tel\u00e9fonos: &nbsp;&nbsp;&nbsp;&nbsp;&nbsp;&nbsp;3750-4087 &nbsp;&nbsp;&nbsp;&nbsp;&nbsp;&nbsp;4602-9333 &nbsp;&nbsp;&nbsp;&nbsp;&nbsp;&nbsp;11-6167-2159 o por Whatsapp al 11-3625-4816. Nuestra oficina se encuentra ubicada en: Av. Riestra 5913, entre Cafayate y Rucci&#8230;<\/p>\n","protected":false},"author":1,"featured_media":0,"parent":0,"menu_order":0,"comment_status":"open","ping_status":"closed","template":"templates\/home.php","meta":{"_monsterinsights_skip_tracking":false,"_monsterinsights_sitenote_active":false,"_monsterinsights_sitenote_note":"","_monsterinsights_sitenote_category":0,"footnotes":""},"class_list":["post-44","page","type-page","status-publish","hentry"],"aioseo_notices":[],"post_mailing_queue_ids":[],"_links":{"self":[{"href":"https:\/\/loiaconopropiedades.com.ar\/index.php\/wp-json\/wp\/v2\/pages\/44","targetHints":{"allow":["GET"]}}],"collection":[{"href":"https:\/\/loiaconopropiedades.com.ar\/index.php\/wp-json\/wp\/v2\/pages"}],"about":[{"href":"https:\/\/loiaconopropiedades.com.ar\/index.php\/wp-json\/wp\/v2\/types\/page"}],"author":[{"embeddable":true,"href":"https:\/\/loiaconopropiedades.com.ar\/index.php\/wp-json\/wp\/v2\/users\/1"}],"replies":[{"embeddable":true,"href":"https:\/\/loiaconopropiedades.com.ar\/index.php\/wp-json\/wp\/v2\/comments?post=44"}],"version-history":[{"count":101,"href":"https:\/\/loiaconopropiedades.com.ar\/index.php\/wp-json\/wp\/v2\/pages\/44\/revisions"}],"predecessor-version":[{"id":20455,"href":"https:\/\/loiaconopropiedades.com.ar\/index.php\/wp-json\/wp\/v2\/pages\/44\/revisions\/20455"}],"wp:attachment":[{"href":"https:\/\/loiaconopropiedades.com.ar\/index.php\/wp-json\/wp\/v2\/media?parent=44"}],"curies":[{"name":"wp","href":"https:\/\/api.w.org\/{rel}","templated":true}]}}