{"id":947,"date":"2018-04-26T11:23:53","date_gmt":"2018-04-26T11:23:53","guid":{"rendered":"http:\/\/classic-min.realhomes.io\/?page_id=947"},"modified":"2020-10-09T16:59:36","modified_gmt":"2020-10-09T19:59:36","slug":"faqs","status":"publish","type":"page","link":"https:\/\/loiaconopropiedades.com.ar\/index.php\/faqs\/","title":{"rendered":"Preguntas frecuentes"},"content":{"rendered":"\n<div class=\"wp-block-quick-and-easy-faqs-faqs-filterable-accordion\">            <div class=\"qae-faqs-container qae-faqs-toggle-container\">\n\t\t\t\t\t\t\t<ul class=\"qe-faqs-filters-container\">\n\t\t\t\t<li class=\"active\"><a class=\"qe-faqs-filter all-faqs\" href=\"#\" data-filter=\"*\">Todo<\/a><\/li>\n\t\t\t\t<li><a class=\"qe-faqs-filter\" href=\"#choosing-a-property\" data-filter=\".choosing-a-property\">Elegir una propiedad<\/a><\/li>\t\t\t<\/ul>\n\t\t\t\t\t<div id=\"qaef-942\" class=\"qe-faq-toggle choosing-a-property\">\n\t\t\t<div class=\"qe-toggle-title\">\n\t\t\t\t<h4>\n\t\t\t\t\t<i class=\"fa fa-minus-circle\"><\/i> \u00bfC\u00f3mo puedo buscar una propiedad en esta p\u00e1gina?\t\t\t\t<\/h4>\n\t\t\t<\/div>\n\t\t\t<div class=\"qe-toggle-content\">\n\t\t\t\t<h5>Nuestra p\u00e1gina fue mejorada para permitirle <span style=\"color: #ff0000\"><strong>buscar una propiedad<\/strong> de forma <strong>m\u00e1s eficiente<\/strong>.<\/span><\/h5>\n<h5>A continuaci\u00f3n le mostrar\u00e9 <span style=\"color: #ff0000\">tres formas r\u00e1pidas<\/span> para encontrar r\u00e1pidamente un inmueble.<\/h5>\n<h6><span style=\"text-decoration: underline\"><span style=\"color: #ff0000;text-decoration: underline\">Opci\u00f3n 1:<\/span><\/span> Puede <span style=\"color: #ff0000\">ingresar una calle<\/span> en el cuadro \u00abBuscar una direcci\u00f3n\u00bb, Ejemplo: \u00abOliden\u00bb. No es necesario que escriba la altura. De esta forma encontrar\u00e1 informaci\u00f3n sobre el inmueble que vio mientras esperaba el sem\u00e1foro, iba camino al trabajo o llevaba a los ni\u00f1os a la escuela. No olvide <span style=\"color: #ff0000\">presionar el bot\u00f3n rojo<\/span> con la leyenda \u00abBuscar propiedad\u00bb.<\/h6>\n<h6><span style=\"text-decoration: underline\"><span style=\"color: #ff0000;text-decoration: underline\">Opci\u00f3n 2:<\/span><\/span> Utilizar los <span style=\"color: #ff0000\">filtros de b\u00fasqueda<\/span>. S\u00f3lo tiene que <span style=\"color: #ff0000\">hacer click en los recuadros blancos<\/span><span style=\"color: inherit\"> que se encuentran debajo de los textos \u00abTipo de operaci\u00f3n\u00bb, \u00abTipo de propiedad\u00bb, \u00abLocalidad\u00bb, \u00abBarrio\u00bb, \u00abPrecio m\u00ednimo\u00bb, \u00abPrecio m\u00e1ximo\u00bb, \u00abCantidad de habitaciones\u00bb, \u00abCantidad de Ba\u00f1os\u00bb, \u00abGaraje\u00bb y \u00abEstado del inmueble\u00bb. Al hacerlo <\/span><span style=\"color: #ff0000\">se desplegar\u00e1 una lista en donde podr\u00e1 seleccionar y hacer click en la opci\u00f3n deseada<\/span><span style=\"color: inherit\">. No es necesario que complete todos los espacios. Ejemplo: Puedo solamente utilizar el filtro de \u00abBarrio\u00bb y elegir \u00abVilla Lugano\u00bb. De esta forma me aparecer\u00e1n en el listado todo tipo de inmuebles que haya tanto en venta como en alquiler en ese lugar. Si quiero acotar la b\u00fasqueda, puedo seleccionar por ejemplo \u00abCasas\u00bb con en filtro de \u00abTipo de propiedad\u00bb. Una vez elegidas todas las preferencias no olvide <\/span><span style=\"color: #ff0000\">presionar el bot\u00f3n rojo<\/span><span style=\"color: inherit\"> con la leyenda \u00abBuscar propiedad\u00bb.<\/span><\/h6>\n<h6><span style=\"text-decoration: underline\"><span style=\"color: #ff0000;text-decoration: underline\">Opci\u00f3n 3:<\/span><\/span> Motor de <span style=\"color: #ff0000\">b\u00fasqueda avanzada<\/span>. Adem\u00e1s de las otras dos opciones, es posible buscar seg\u00fan caracter\u00edsticas especiales. Para ello hay que <span style=\"color: #ff0000\">desplegar<\/span> \u00abB\u00fasqueda avanzada\u00bb (se encuentra justo debajo del bot\u00f3n rojo \u00abBuscar propiedad\u00bb). De esta forma podremos tildar las casillas que queramos y as\u00ed encontrar inmuebles que por ejemplo tengan \u00abPatio\u00bb. Una vez elegidas todas las preferencias no olvide<span style=\"color: #ff0000\"> presionar el bot\u00f3n rojo<\/span> con la leyenda \u00abBuscar propiedad\u00bb.<\/h6>\n<h6>Hay que tener en cuenta que si no seleccionamos ning\u00fan \u00edtem en los filtros de la OPCION 2, el resultado de la b\u00fasqueda incluir\u00e1 todo tipo de inmuebles (Casas, PH, Departamentos, etc) y en todas las localidades disponibles (Lugano, Caballito, Ezeiza, etc).<\/h6>\n<h6>Ac\u00e1 va lo interesante: <span style=\"color: #ff0000\">Las tres opciones pueden combinarse<\/span>. De esta forma puedo buscar una \u00abCasa\u00bb en \u00abVilla Lugano\u00bb con \u00abPatio\u00bb. Una vez elegidas todas las preferencias no olvide <span style=\"color: #ff0000\">presionar el bot\u00f3n rojo<\/span> con la leyenda \u00abBuscar propiedad\u00bb.<\/h6>\n<h6>Una vez seleccionadas las caracter\u00edsticas y presionado el bot\u00f3n rojo \u00abBuscar propiedad\u00bb <span style=\"color: #ff0000\">aparecer\u00e1 un listado<\/span> con las propiedades ideales para usted. Tenga en cuenta que se muestran seis propiedades por p\u00e1gina, es decir que si quiere ver m\u00e1s, deber\u00e1 hacer click en los n\u00fameros \u00ab2\u00bb, \u00ab3\u00bb, \u00ab4\u00bb y as\u00ed sucesivamente.<\/h6>\n<h5>Cualquier consulta no dude en escribirnos a LoiaconoPropiedades@hotmail.com, llamando al 4602-9333, 3750-4087, o enviando un whatsapp al 15-3625-4816.<\/h5>\t\t\t<\/div>\n\t\t<\/div>\n\t\t\t\t<div id=\"qaef-944\" class=\"qe-faq-toggle choosing-a-property\">\n\t\t\t<div class=\"qe-toggle-title\">\n\t\t\t\t<h4>\n\t\t\t\t\t<i class=\"fa fa-minus-circle\"><\/i> \u00bfC\u00f3mo agrego una propiedad a Favoritos?\t\t\t\t<\/h4>\n\t\t\t<\/div>\n\t\t\t<div class=\"qe-toggle-content\">\n\t\t\t\t<h6>Supongamos que ya realiz\u00f3 la b\u00fasqueda y entr\u00f3 a una de las propiedades que aparec\u00edan en el listado. Comienza a ver las im\u00e1genes y considera que es de su agrado, por lo que no quiere perderla.<\/h6>\n<h6>Para guardarla como \u00abFavorita\u00bb tiene que hacer <span style=\"color: #ff0000\"><strong>click en un coraz\u00f3n<\/strong><\/span> que aparece en la esquina superior izquierda sobre las im\u00e1genes. De esta forma podr\u00e1 seguir viendo las dem\u00e1s propiedades del listado sin perder las que les interesan.<\/h6>\n<h4>\u00bfD\u00f3nde encontrarlas despu\u00e9s?<\/h4>\n<h6>Haciendo click en el bot\u00f3n \u00abFavoritos\u00bb situado en la parte superior de la p\u00e1gina, un poco m\u00e1s arriba que el logo, o ingresando en el siguiente enlace: <a href=\"https:\/\/loiaconopropiedades.com.ar\/index.php\/favoritos\/\"><span style=\"color: #ff0000\">https:\/\/loiaconopropiedades.com.ar\/index.php\/favoritos\/<\/span><\/a><\/h6>\n<h4>\u00bfC\u00f3mo borro una propiedad de favoritos?<\/h4>\n<h6>Una vez dentro de la secci\u00f3n favoritos puede borrar las propiedades seleccionadas haciendo click en el tacho de basura que se encuentra en la esquina superior derecha de la imagen de cada propiedad.<\/h6>\n<h4>\u00bfPuedo agregar propiedades en forma ilimitada a favoritos?<\/h4>\n<h6>\u00a1S\u00ed, por supuesto!<\/h6>\n<h4>\u00bfQu\u00e9 pasar\u00e1 con la lista cuando cierre la p\u00e1gina?<\/h4>\n<h6>La lista se mantendr\u00e1 ah\u00ed mientras no borre el historial de navegaci\u00f3n, salvo que haya ingresado desde una \u00abventana de inc\u00f3gnito\u00bb. En este \u00faltimo caso, al cerrar el navegador su selecci\u00f3n se borrar\u00e1.<\/h6>\n<h5><span style=\"color: #ff0000\">Para mayor seguridad, le recomendamos \u00abiniciar sesi\u00f3n\u00bb con Facebook. De esta forma toda la b\u00fasqueda y selecci\u00f3n quedar\u00e1 resguardada en el usuario creado.<\/span><\/h5>\n\t\t\t<\/div>\n\t\t<\/div>\n\t\t\t\t<div id=\"qaef-945\" class=\"qe-faq-toggle choosing-a-property\">\n\t\t\t<div class=\"qe-toggle-title\">\n\t\t\t\t<h4>\n\t\t\t\t\t<i class=\"fa fa-minus-circle\"><\/i> \u00bfC\u00f3mo comparo propiedades?\t\t\t\t<\/h4>\n\t\t\t<\/div>\n\t\t\t<div class=\"qe-toggle-content\">\n\t\t\t\t<h6>Si navegando por el listado encontr\u00f3 m\u00e1s de una propiedad pero no sabe las diferencias esenciales que poseen, lo mejor ser\u00e1 compararlas.<\/h6>\n<h6>Para ello hay que hacer click en un peque\u00f1o<span style=\"color: #ff0000\"> s\u00edmbolo \u00bb + \u00ab<\/span> ubicado en la esquina inferior derecha de cada propiedad del listado. Si ya ingres\u00f3 al aviso del inmueble en cuesti\u00f3n tendr\u00e1 que hacer click en unas <span style=\"color: #ff0000\">flechas<\/span> que se encuentran en la esquina superior izquierda sobre las im\u00e1genes.<\/h6>\n<h6>Al hacer esto aparecer\u00e1 un <span style=\"color: #ff0000\">rect\u00e1ngulo negro<\/span> en la parte derecha de la pantalla, al que luego tendremos que clickear para acceder a la comparaci\u00f3n, una vez que hayamos seleccionado las propiedades. Tambi\u00e9n puede acceder haciendo click aqu\u00ed <span style=\"color: #ff0000\"><a style=\"color: #ff0000\" href=\"https:\/\/loiaconopropiedades.com.ar\/index.php\/comparar-propiedad\/\">https:\/\/loiaconopropiedades.com.ar\/index.php\/comparar-propiedad\/<\/a><\/span><\/h6>\n<h6>Para borrar una propiedad de la lista a comparar solo hay que hacer click en una \u00abx\u00bb que aparece en la esquina superior derecha de la imagen destacada de cada propiedad, yendo al rect\u00e1ngulo negro.<\/h6>\n<h5>Recuerde que <span style=\"color: #ff0000\">s\u00f3lo es posible comparar hasta cuatro propiedades<\/span>. En el caso de agregar m\u00e1s se ir\u00e1n reemplazando las primeras seleccionadas.<\/h5>\n<h5>Le <span style=\"color: #ff0000\">recomendamos utilizar la herramienta favoritos<\/span> que permite guardar ilimitadamente sus propiedades seleccionadas.<\/h5>\n<h4>\u00bfQu\u00e9 pasar\u00e1 con la lista cuando cierre la p\u00e1gina?<\/h4>\n<h6>La lista se mantendr\u00e1 ah\u00ed mientras no borre el historial de navegaci\u00f3n, salvo que haya ingresado desde una \u00abventana de inc\u00f3gnito\u00bb. En este \u00faltimo caso, al cerrar el navegador su selecci\u00f3n se borrar\u00e1.<\/h6>\n<h5><span style=\"color: #ff0000\">Para mayor seguridad, le recomendamos \u00abiniciar sesi\u00f3n\u00bb con Facebook. De esta forma toda la b\u00fasqueda y selecci\u00f3n quedar\u00e1 resguardada en el usuario creado.<\/span><\/h5>\n\t\t\t<\/div>\n\t\t<\/div>\n\t\t            <\/div>\n\t\t<\/div>\n","protected":false},"excerpt":{"rendered":"","protected":false},"author":1,"featured_media":0,"parent":0,"menu_order":0,"comment_status":"closed","ping_status":"closed","template":"","meta":{"_monsterinsights_skip_tracking":false,"_monsterinsights_sitenote_active":false,"_monsterinsights_sitenote_note":"","_monsterinsights_sitenote_category":0,"footnotes":""},"class_list":["post-947","page","type-page","status-publish","hentry"],"aioseo_notices":[],"post_mailing_queue_ids":[],"_links":{"self":[{"href":"https:\/\/loiaconopropiedades.com.ar\/index.php\/wp-json\/wp\/v2\/pages\/947","targetHints":{"allow":["GET"]}}],"collection":[{"href":"https:\/\/loiaconopropiedades.com.ar\/index.php\/wp-json\/wp\/v2\/pages"}],"about":[{"href":"https:\/\/loiaconopropiedades.com.ar\/index.php\/wp-json\/wp\/v2\/types\/page"}],"author":[{"embeddable":true,"href":"https:\/\/loiaconopropiedades.com.ar\/index.php\/wp-json\/wp\/v2\/users\/1"}],"replies":[{"embeddable":true,"href":"https:\/\/loiaconopropiedades.com.ar\/index.php\/wp-json\/wp\/v2\/comments?post=947"}],"version-history":[{"count":0,"href":"https:\/\/loiaconopropiedades.com.ar\/index.php\/wp-json\/wp\/v2\/pages\/947\/revisions"}],"wp:attachment":[{"href":"https:\/\/loiaconopropiedades.com.ar\/index.php\/wp-json\/wp\/v2\/media?parent=947"}],"curies":[{"name":"wp","href":"https:\/\/api.w.org\/{rel}","templated":true}]}}